{"id":21072,"date":"2024-12-30T23:00:43","date_gmt":"2024-12-30T21:00:43","guid":{"rendered":"https:\/\/ecochain.com\/?page_id=21072"},"modified":"2026-04-30T07:34:55","modified_gmt":"2026-04-30T05:34:55","slug":"allgemeine-geschaeftsbedingungen-agb","status":"publish","type":"page","link":"https:\/\/ecochain.com\/de\/allgemeine-geschaeftsbedingungen-agb\/","title":{"rendered":"Allgemeine Gesch\u00e4ftsbedingungen (AGB)"},"content":{"rendered":"\t\t<div data-elementor-type=\"wp-page\" data-elementor-id=\"21072\" class=\"elementor elementor-21072 elementor-11091\" data-elementor-post-type=\"page\">\n\t\t\t\t<div class=\"elementor-element elementor-element-37d3333 e-flex e-con-boxed e-con e-parent\" data-id=\"37d3333\" data-element_type=\"container\" data-e-type=\"container\" data-settings=\"{&quot;background_background&quot;:&quot;classic&quot;}\">\n\t\t\t\t\t<div class=\"e-con-inner\">\n\t\t\t\t<div class=\"elementor-element elementor-element-4e64596 elementor-widget elementor-widget-heading\" data-id=\"4e64596\" data-element_type=\"widget\" data-e-type=\"widget\" data-widget_type=\"heading.default\">\n\t\t\t\t<div class=\"elementor-widget-container\">\n\t\t\t\t\t<h1 class=\"elementor-heading-title elementor-size-default\">Allgemeine Gesch\u00e4ftsbedingungen (AGB)<\/h1>\t\t\t\t<\/div>\n\t\t\t\t<\/div>\n\t\t\t\t<div class=\"elementor-element elementor-element-c8bc176 elementor-widget elementor-widget-text-editor\" data-id=\"c8bc176\" data-element_type=\"widget\" data-e-type=\"widget\" data-widget_type=\"text-editor.default\">\n\t\t\t\t<div class=\"elementor-widget-container\">\n\t\t\t\t\t\t\t\t\t<p>Die Nutzung unserer Software-Tools und der in der Ecochain-Software enthaltenen Drittanbieter-Datens\u00e4tze unterliegt den nachfolgenden Allgemeinen Gesch\u00e4ftsbedingungen (AGB).<\/p>\t\t\t\t\t\t\t\t<\/div>\n\t\t\t\t<\/div>\n\t\t<div class=\"elementor-element elementor-element-9eee056 e-con-full e-flex e-con e-child\" data-id=\"9eee056\" data-element_type=\"container\" data-e-type=\"container\">\n\t\t<a class=\"elementor-element elementor-element-a5df677 e-con-full e-flex e-con e-child\" data-id=\"a5df677\" data-element_type=\"container\" data-e-type=\"container\" data-settings=\"{&quot;background_background&quot;:&quot;classic&quot;}\" href=\"https:\/\/ecochain.com\/ecochain-terms-conditions-sep-22\/\">\n\t\t\t\t<div class=\"elementor-element elementor-element-3977670 elementor-view-default elementor-widget elementor-widget-icon\" data-id=\"3977670\" data-element_type=\"widget\" data-e-type=\"widget\" data-widget_type=\"icon.default\">\n\t\t\t\t<div class=\"elementor-widget-container\">\n\t\t\t\t\t\t\t<div class=\"elementor-icon-wrapper\">\n\t\t\t<div class=\"elementor-icon\">\n\t\t\t<svg aria-hidden=\"true\" class=\"e-font-icon-svg e-fas-book-open\" viewBox=\"0 0 576 512\" xmlns=\"http:\/\/www.w3.org\/2000\/svg\"><path d=\"M542.22 32.05c-54.8 3.11-163.72 14.43-230.96 55.59-4.64 2.84-7.27 7.89-7.27 13.17v363.87c0 11.55 12.63 18.85 23.28 13.49 69.18-34.82 169.23-44.32 218.7-46.92 16.89-.89 30.02-14.43 30.02-30.66V62.75c.01-17.71-15.35-31.74-33.77-30.7zM264.73 87.64C197.5 46.48 88.58 35.17 33.78 32.05 15.36 31.01 0 45.04 0 62.75V400.6c0 16.24 13.13 29.78 30.02 30.66 49.49 2.6 149.59 12.11 218.77 46.95 10.62 5.35 23.21-1.94 23.21-13.46V100.63c0-5.29-2.62-10.14-7.27-12.99z\"><\/path><\/svg>\t\t\t<\/div>\n\t\t<\/div>\n\t\t\t\t\t\t<\/div>\n\t\t\t\t<\/div>\n\t\t\t\t<div class=\"elementor-element elementor-element-3b83fb4 elementor-widget elementor-widget-heading\" data-id=\"3b83fb4\" data-element_type=\"widget\" data-e-type=\"widget\" data-widget_type=\"heading.default\">\n\t\t\t\t<div class=\"elementor-widget-container\">\n\t\t\t\t\t<h3 class=\"elementor-heading-title elementor-size-default\">Allgemeine Gesch\u00e4ftsbedingungen von Ecochain (AGB)<\/h3>\t\t\t\t<\/div>\n\t\t\t\t<\/div>\n\t\t\t\t<div class=\"elementor-element elementor-element-33d8226 elementor-widget elementor-widget-text-editor\" data-id=\"33d8226\" data-element_type=\"widget\" data-e-type=\"widget\" data-widget_type=\"text-editor.default\">\n\t\t\t\t<div class=\"elementor-widget-container\">\n\t\t\t\t\t\t\t\t\t<p>Die Nutzung der Ecochain-Software unterliegt den AGB von Ecochain.<\/p>\t\t\t\t\t\t\t\t<\/div>\n\t\t\t\t<\/div>\n\t\t\t\t<div class=\"elementor-element elementor-element-15d1503 elementor-view-default elementor-widget elementor-widget-icon\" data-id=\"15d1503\" data-element_type=\"widget\" data-e-type=\"widget\" data-widget_type=\"icon.default\">\n\t\t\t\t<div class=\"elementor-widget-container\">\n\t\t\t\t\t\t\t<div class=\"elementor-icon-wrapper\">\n\t\t\t<div class=\"elementor-icon\">\n\t\t\t<svg aria-hidden=\"true\" class=\"e-font-icon-svg e-fas-arrow-right\" viewBox=\"0 0 448 512\" xmlns=\"http:\/\/www.w3.org\/2000\/svg\"><path d=\"M190.5 66.9l22.2-22.2c9.4-9.4 24.6-9.4 33.9 0L441 239c9.4 9.4 9.4 24.6 0 33.9L246.6 467.3c-9.4 9.4-24.6 9.4-33.9 0l-22.2-22.2c-9.5-9.5-9.3-25 .4-34.3L311.4 296H24c-13.3 0-24-10.7-24-24v-32c0-13.3 10.7-24 24-24h287.4L190.9 101.2c-9.8-9.3-10-24.8-.4-34.3z\"><\/path><\/svg>\t\t\t<\/div>\n\t\t<\/div>\n\t\t\t\t\t\t<\/div>\n\t\t\t\t<\/div>\n\t\t\t\t<\/a>\n\t\t<a class=\"elementor-element elementor-element-b46c139 e-con-full e-flex e-con e-child\" data-id=\"b46c139\" data-element_type=\"container\" data-e-type=\"container\" data-settings=\"{&quot;background_background&quot;:&quot;classic&quot;}\" href=\"https:\/\/ecoinvent.org\/gdpr-eula\/#eula\" target=\"_blank\">\n\t\t\t\t<div class=\"elementor-element elementor-element-2534d8b elementor-view-default elementor-widget elementor-widget-icon\" data-id=\"2534d8b\" data-element_type=\"widget\" data-e-type=\"widget\" data-widget_type=\"icon.default\">\n\t\t\t\t<div class=\"elementor-widget-container\">\n\t\t\t\t\t\t\t<div class=\"elementor-icon-wrapper\">\n\t\t\t<div class=\"elementor-icon\">\n\t\t\t<svg aria-hidden=\"true\" class=\"e-font-icon-svg e-fas-user-check\" viewBox=\"0 0 640 512\" xmlns=\"http:\/\/www.w3.org\/2000\/svg\"><path d=\"M224 256c70.7 0 128-57.3 128-128S294.7 0 224 0 96 57.3 96 128s57.3 128 128 128zm89.6 32h-16.7c-22.2 10.2-46.9 16-72.9 16s-50.6-5.8-72.9-16h-16.7C60.2 288 0 348.2 0 422.4V464c0 26.5 21.5 48 48 48h352c26.5 0 48-21.5 48-48v-41.6c0-74.2-60.2-134.4-134.4-134.4zm323-128.4l-27.8-28.1c-4.6-4.7-12.1-4.7-16.8-.1l-104.8 104-45.5-45.8c-4.6-4.7-12.1-4.7-16.8-.1l-28.1 27.9c-4.7 4.6-4.7 12.1-.1 16.8l81.7 82.3c4.6 4.7 12.1 4.7 16.8.1l141.3-140.2c4.6-4.7 4.7-12.2.1-16.8z\"><\/path><\/svg>\t\t\t<\/div>\n\t\t<\/div>\n\t\t\t\t\t\t<\/div>\n\t\t\t\t<\/div>\n\t\t\t\t<div class=\"elementor-element elementor-element-63465de elementor-widget elementor-widget-heading\" data-id=\"63465de\" data-element_type=\"widget\" data-e-type=\"widget\" data-widget_type=\"heading.default\">\n\t\t\t\t<div class=\"elementor-widget-container\">\n\t\t\t\t\t<h3 class=\"elementor-heading-title elementor-size-default\">Ecoinvent Endnutzer-Lizenzvertrag (EULA)<\/h3>\t\t\t\t<\/div>\n\t\t\t\t<\/div>\n\t\t\t\t<div class=\"elementor-element elementor-element-98ab75b elementor-widget elementor-widget-text-editor\" data-id=\"98ab75b\" data-element_type=\"widget\" data-e-type=\"widget\" data-widget_type=\"text-editor.default\">\n\t\t\t\t<div class=\"elementor-widget-container\">\n\t\t\t\t\t\t\t\t\t<p>Die Nutzung der Ecoinvent-Datens\u00e4tze, die in Ecochain enthalten sind, unterliegt der Ecoinvent EULA.<\/p>\t\t\t\t\t\t\t\t<\/div>\n\t\t\t\t<\/div>\n\t\t\t\t<div class=\"elementor-element elementor-element-94c654d elementor-view-default elementor-widget elementor-widget-icon\" data-id=\"94c654d\" data-element_type=\"widget\" data-e-type=\"widget\" data-widget_type=\"icon.default\">\n\t\t\t\t<div class=\"elementor-widget-container\">\n\t\t\t\t\t\t\t<div class=\"elementor-icon-wrapper\">\n\t\t\t<div class=\"elementor-icon\">\n\t\t\t<svg aria-hidden=\"true\" class=\"e-font-icon-svg e-fas-arrow-right\" viewBox=\"0 0 448 512\" xmlns=\"http:\/\/www.w3.org\/2000\/svg\"><path d=\"M190.5 66.9l22.2-22.2c9.4-9.4 24.6-9.4 33.9 0L441 239c9.4 9.4 9.4 24.6 0 33.9L246.6 467.3c-9.4 9.4-24.6 9.4-33.9 0l-22.2-22.2c-9.5-9.5-9.3-25 .4-34.3L311.4 296H24c-13.3 0-24-10.7-24-24v-32c0-13.3 10.7-24 24-24h287.4L190.9 101.2c-9.8-9.3-10-24.8-.4-34.3z\"><\/path><\/svg>\t\t\t<\/div>\n\t\t<\/div>\n\t\t\t\t\t\t<\/div>\n\t\t\t\t<\/div>\n\t\t\t\t<\/a>\n\t\t\t\t<\/div>\n\t\t\t\t\t<\/div>\n\t\t\t\t<\/div>\n\t\t\t\t<\/div>\n\t\t","protected":false},"excerpt":{"rendered":"<p>Allgemeine Gesch\u00e4ftsbedingungen (AGB) Die Nutzung unserer Software-Tools und der in der Ecochain-Software enthaltenen Drittanbieter-Datens\u00e4tze unterliegt den nachfolgenden Allgemeinen Gesch\u00e4ftsbedingungen (AGB). &nbsp; Allgemeine Gesch\u00e4ftsbedingungen von Ecochain (AGB) Die Nutzung der Ecochain-Software unterliegt den AGB von Ecochain. &nbsp; Ecoinvent Endnutzer-Lizenzvertrag (EULA) Die Nutzung der Ecoinvent-Datens\u00e4tze, die in Ecochain enthalten sind, unterliegt der Ecoinvent EULA. &nbsp;<\/p>\n","protected":false},"author":2,"featured_media":0,"parent":0,"menu_order":0,"comment_status":"closed","ping_status":"closed","template":"","meta":{"_acf_changed":false,"footnotes":""},"class_list":["post-21072","page","type-page","status-publish","hentry"],"acf":[],"yoast_head":"<!-- This site is optimized with the Yoast SEO Premium plugin v27.3 (Yoast SEO v27.3) - https:\/\/yoast.com\/product\/yoast-seo-premium-wordpress\/ -->\n<title>Allgemeine Gesch\u00e4ftsbedingungen (AGB) - Ecochain<\/title>\n<meta name=\"robots\" content=\"index, follow, max-snippet:-1, max-image-preview:large, max-video-preview:-1\" \/>\n<link rel=\"canonical\" href=\"https:\/\/ecochain.com\/de\/allgemeine-geschaeftsbedingungen-agb\/\" \/>\n<meta property=\"og:locale\" content=\"de_DE\" \/>\n<meta property=\"og:type\" content=\"article\" \/>\n<meta property=\"og:title\" content=\"Allgemeine Gesch\u00e4ftsbedingungen (AGB)\" \/>\n<meta property=\"og:description\" content=\"Allgemeine Gesch\u00e4ftsbedingungen (AGB) Die Nutzung unserer Software-Tools und der in der Ecochain-Software enthaltenen Drittanbieter-Datens\u00e4tze unterliegt den nachfolgenden Allgemeinen Gesch\u00e4ftsbedingungen (AGB). &nbsp; Allgemeine Gesch\u00e4ftsbedingungen von Ecochain (AGB) Die Nutzung der Ecochain-Software unterliegt den AGB von Ecochain. &nbsp; Ecoinvent Endnutzer-Lizenzvertrag (EULA) Die Nutzung der Ecoinvent-Datens\u00e4tze, die in Ecochain enthalten sind, unterliegt der Ecoinvent EULA. &nbsp;\" \/>\n<meta property=\"og:url\" content=\"https:\/\/ecochain.com\/de\/allgemeine-geschaeftsbedingungen-agb\/\" \/>\n<meta property=\"og:site_name\" content=\"Ecochain\" \/>\n<meta property=\"article:modified_time\" content=\"2026-04-30T05:34:55+00:00\" \/>\n<meta name=\"twitter:card\" content=\"summary_large_image\" \/>\n<meta name=\"twitter:label1\" content=\"Gesch\u00e4tzte Lesezeit\" \/>\n\t<meta name=\"twitter:data1\" content=\"1\u00a0Minute\" \/>\n<script type=\"application\/ld+json\" class=\"yoast-schema-graph\">{\"@context\":\"https:\\\/\\\/schema.org\",\"@graph\":[{\"@type\":\"WebPage\",\"@id\":\"https:\\\/\\\/ecochain.com\\\/de\\\/allgemeine-geschaeftsbedingungen-agb\\\/\",\"url\":\"https:\\\/\\\/ecochain.com\\\/de\\\/allgemeine-geschaeftsbedingungen-agb\\\/\",\"name\":\"Allgemeine Gesch\u00e4ftsbedingungen (AGB) - Ecochain\",\"isPartOf\":{\"@id\":\"https:\\\/\\\/ecochain.com\\\/de\\\/#website\"},\"datePublished\":\"2024-12-30T21:00:43+00:00\",\"dateModified\":\"2026-04-30T05:34:55+00:00\",\"breadcrumb\":{\"@id\":\"https:\\\/\\\/ecochain.com\\\/de\\\/allgemeine-geschaeftsbedingungen-agb\\\/#breadcrumb\"},\"inLanguage\":\"de\",\"potentialAction\":[{\"@type\":\"ReadAction\",\"target\":[\"https:\\\/\\\/ecochain.com\\\/de\\\/allgemeine-geschaeftsbedingungen-agb\\\/\"]}]},{\"@type\":\"BreadcrumbList\",\"@id\":\"https:\\\/\\\/ecochain.com\\\/de\\\/allgemeine-geschaeftsbedingungen-agb\\\/#breadcrumb\",\"itemListElement\":[{\"@type\":\"ListItem\",\"position\":1,\"name\":\"Home\",\"item\":\"https:\\\/\\\/ecochain.com\\\/de\\\/homepage\\\/\"},{\"@type\":\"ListItem\",\"position\":2,\"name\":\"Allgemeine Gesch\u00e4ftsbedingungen (AGB)\"}]},{\"@type\":\"WebSite\",\"@id\":\"https:\\\/\\\/ecochain.com\\\/de\\\/#website\",\"url\":\"https:\\\/\\\/ecochain.com\\\/de\\\/\",\"name\":\"Ecochain\",\"description\":\"\",\"publisher\":{\"@id\":\"https:\\\/\\\/ecochain.com\\\/de\\\/#organization\"},\"potentialAction\":[{\"@type\":\"SearchAction\",\"target\":{\"@type\":\"EntryPoint\",\"urlTemplate\":\"https:\\\/\\\/ecochain.com\\\/de\\\/?s={search_term_string}\"},\"query-input\":{\"@type\":\"PropertyValueSpecification\",\"valueRequired\":true,\"valueName\":\"search_term_string\"}}],\"inLanguage\":\"de\"},{\"@type\":\"Organization\",\"@id\":\"https:\\\/\\\/ecochain.com\\\/de\\\/#organization\",\"name\":\"Ecochain\",\"url\":\"https:\\\/\\\/ecochain.com\\\/de\\\/\",\"logo\":{\"@type\":\"ImageObject\",\"inLanguage\":\"de\",\"@id\":\"https:\\\/\\\/ecochain.com\\\/de\\\/#\\\/schema\\\/logo\\\/image\\\/\",\"url\":\"https:\\\/\\\/ecochain.com\\\/wp-content\\\/uploads\\\/2024\\\/12\\\/ecochain-logo.svg\",\"contentUrl\":\"https:\\\/\\\/ecochain.com\\\/wp-content\\\/uploads\\\/2024\\\/12\\\/ecochain-logo.svg\",\"width\":226,\"height\":31,\"caption\":\"Ecochain\"},\"image\":{\"@id\":\"https:\\\/\\\/ecochain.com\\\/de\\\/#\\\/schema\\\/logo\\\/image\\\/\"}}]}<\/script>\n<!-- \/ Yoast SEO Premium plugin. -->","yoast_head_json":{"title":"Allgemeine Gesch\u00e4ftsbedingungen (AGB) - Ecochain","robots":{"index":"index","follow":"follow","max-snippet":"max-snippet:-1","max-image-preview":"max-image-preview:large","max-video-preview":"max-video-preview:-1"},"canonical":"https:\/\/ecochain.com\/de\/allgemeine-geschaeftsbedingungen-agb\/","og_locale":"de_DE","og_type":"article","og_title":"Allgemeine Gesch\u00e4ftsbedingungen (AGB)","og_description":"Allgemeine Gesch\u00e4ftsbedingungen (AGB) Die Nutzung unserer Software-Tools und der in der Ecochain-Software enthaltenen Drittanbieter-Datens\u00e4tze unterliegt den nachfolgenden Allgemeinen Gesch\u00e4ftsbedingungen (AGB). &nbsp; Allgemeine Gesch\u00e4ftsbedingungen von Ecochain (AGB) Die Nutzung der Ecochain-Software unterliegt den AGB von Ecochain. &nbsp; Ecoinvent Endnutzer-Lizenzvertrag (EULA) Die Nutzung der Ecoinvent-Datens\u00e4tze, die in Ecochain enthalten sind, unterliegt der Ecoinvent EULA. &nbsp;","og_url":"https:\/\/ecochain.com\/de\/allgemeine-geschaeftsbedingungen-agb\/","og_site_name":"Ecochain","article_modified_time":"2026-04-30T05:34:55+00:00","twitter_card":"summary_large_image","twitter_misc":{"Gesch\u00e4tzte Lesezeit":"1\u00a0Minute"},"schema":{"@context":"https:\/\/schema.org","@graph":[{"@type":"WebPage","@id":"https:\/\/ecochain.com\/de\/allgemeine-geschaeftsbedingungen-agb\/","url":"https:\/\/ecochain.com\/de\/allgemeine-geschaeftsbedingungen-agb\/","name":"Allgemeine Gesch\u00e4ftsbedingungen (AGB) - Ecochain","isPartOf":{"@id":"https:\/\/ecochain.com\/de\/#website"},"datePublished":"2024-12-30T21:00:43+00:00","dateModified":"2026-04-30T05:34:55+00:00","breadcrumb":{"@id":"https:\/\/ecochain.com\/de\/allgemeine-geschaeftsbedingungen-agb\/#breadcrumb"},"inLanguage":"de","potentialAction":[{"@type":"ReadAction","target":["https:\/\/ecochain.com\/de\/allgemeine-geschaeftsbedingungen-agb\/"]}]},{"@type":"BreadcrumbList","@id":"https:\/\/ecochain.com\/de\/allgemeine-geschaeftsbedingungen-agb\/#breadcrumb","itemListElement":[{"@type":"ListItem","position":1,"name":"Home","item":"https:\/\/ecochain.com\/de\/homepage\/"},{"@type":"ListItem","position":2,"name":"Allgemeine Gesch\u00e4ftsbedingungen (AGB)"}]},{"@type":"WebSite","@id":"https:\/\/ecochain.com\/de\/#website","url":"https:\/\/ecochain.com\/de\/","name":"Ecochain","description":"","publisher":{"@id":"https:\/\/ecochain.com\/de\/#organization"},"potentialAction":[{"@type":"SearchAction","target":{"@type":"EntryPoint","urlTemplate":"https:\/\/ecochain.com\/de\/?s={search_term_string}"},"query-input":{"@type":"PropertyValueSpecification","valueRequired":true,"valueName":"search_term_string"}}],"inLanguage":"de"},{"@type":"Organization","@id":"https:\/\/ecochain.com\/de\/#organization","name":"Ecochain","url":"https:\/\/ecochain.com\/de\/","logo":{"@type":"ImageObject","inLanguage":"de","@id":"https:\/\/ecochain.com\/de\/#\/schema\/logo\/image\/","url":"https:\/\/ecochain.com\/wp-content\/uploads\/2024\/12\/ecochain-logo.svg","contentUrl":"https:\/\/ecochain.com\/wp-content\/uploads\/2024\/12\/ecochain-logo.svg","width":226,"height":31,"caption":"Ecochain"},"image":{"@id":"https:\/\/ecochain.com\/de\/#\/schema\/logo\/image\/"}}]}},"_links":{"self":[{"href":"https:\/\/ecochain.com\/de\/wp-json\/wp\/v2\/pages\/21072","targetHints":{"allow":["GET"]}}],"collection":[{"href":"https:\/\/ecochain.com\/de\/wp-json\/wp\/v2\/pages"}],"about":[{"href":"https:\/\/ecochain.com\/de\/wp-json\/wp\/v2\/types\/page"}],"author":[{"embeddable":true,"href":"https:\/\/ecochain.com\/de\/wp-json\/wp\/v2\/users\/2"}],"replies":[{"embeddable":true,"href":"https:\/\/ecochain.com\/de\/wp-json\/wp\/v2\/comments?post=21072"}],"version-history":[{"count":7,"href":"https:\/\/ecochain.com\/de\/wp-json\/wp\/v2\/pages\/21072\/revisions"}],"predecessor-version":[{"id":21572,"href":"https:\/\/ecochain.com\/de\/wp-json\/wp\/v2\/pages\/21072\/revisions\/21572"}],"wp:attachment":[{"href":"https:\/\/ecochain.com\/de\/wp-json\/wp\/v2\/media?parent=21072"}],"curies":[{"name":"wp","href":"https:\/\/api.w.org\/{rel}","templated":true}]}}