{"id":21062,"date":"2024-12-27T12:24:11","date_gmt":"2024-12-27T10:24:11","guid":{"rendered":"https:\/\/ecochain.com\/?page_id=21062"},"modified":"2026-04-30T07:36:48","modified_gmt":"2026-04-30T05:36:48","slug":"qualitaet-und-sicherheit","status":"publish","type":"page","link":"https:\/\/ecochain.com\/de\/qualitaet-und-sicherheit\/","title":{"rendered":"Qualit\u00e4t und Sicherheit"},"content":{"rendered":"\t\t<div data-elementor-type=\"wp-page\" data-elementor-id=\"21062\" class=\"elementor elementor-21062 elementor-11010\" data-elementor-post-type=\"page\">\n\t\t\t\t<div class=\"elementor-element elementor-element-2b43b2fb e-flex e-con-boxed e-con e-parent\" data-id=\"2b43b2fb\" data-element_type=\"container\" data-e-type=\"container\" data-settings=\"{&quot;background_background&quot;:&quot;classic&quot;}\">\n\t\t\t\t\t<div class=\"e-con-inner\">\n\t\t\t\t<div class=\"elementor-element elementor-element-85dd4dc elementor-widget elementor-widget-heading\" data-id=\"85dd4dc\" data-element_type=\"widget\" data-e-type=\"widget\" data-widget_type=\"heading.default\">\n\t\t\t\t<div class=\"elementor-widget-container\">\n\t\t\t\t\t<h1 class=\"elementor-heading-title elementor-size-default\">Qualit\u00e4t und Sicherheit bei Ecochain<\/h1>\t\t\t\t<\/div>\n\t\t\t\t<\/div>\n\t\t<div class=\"elementor-element elementor-element-9735e8d e-con-full e-flex e-con e-child\" data-id=\"9735e8d\" data-element_type=\"container\" data-e-type=\"container\">\n\t\t\t\t<div class=\"elementor-element elementor-element-143e263 elementor-widget elementor-widget-text-editor\" data-id=\"143e263\" data-element_type=\"widget\" data-e-type=\"widget\" data-widget_type=\"text-editor.default\">\n\t\t\t\t<div class=\"elementor-widget-container\">\n\t\t\t\t\t\t\t\t\t<p style=\"text-align: center;\">Wir sind bestrebt, unseren Kunden die h\u00f6chste Qualit\u00e4t und Sicherheit zu bieten. Ecochain ist daher vollst\u00e4ndig nach ISO 9001:2015 und ISO 27001:2017 zertifiziert. <\/p><p style=\"text-align: center;\">Hier finden Sie die aktuellsten Informationen \u00fcber unsere Gesch\u00e4ftsprozesse bei Ecochain und wie wir Qualit\u00e4t und Sicherheit gew\u00e4hrleisten.<\/p>\t\t\t\t\t\t\t\t<\/div>\n\t\t\t\t<\/div>\n\t\t\t\t<\/div>\n\t\t\t\t\t<\/div>\n\t\t\t\t<\/div>\n\t\t<div class=\"elementor-element elementor-element-262d87b e-flex e-con-boxed e-con e-parent\" data-id=\"262d87b\" data-element_type=\"container\" data-e-type=\"container\" data-settings=\"{&quot;background_background&quot;:&quot;classic&quot;}\">\n\t\t\t\t\t<div class=\"e-con-inner\">\n\t\t<div class=\"elementor-element elementor-element-5f0c44c e-con-full e-flex e-con e-child\" data-id=\"5f0c44c\" data-element_type=\"container\" data-e-type=\"container\">\n\t\t<div class=\"elementor-element elementor-element-d7f04c5 e-con-full e-flex e-con e-child\" data-id=\"d7f04c5\" data-element_type=\"container\" data-e-type=\"container\">\n\t\t\t\t<div class=\"elementor-element elementor-element-899b418 elementor-widget elementor-widget-image\" data-id=\"899b418\" data-element_type=\"widget\" data-e-type=\"widget\" data-widget_type=\"image.default\">\n\t\t\t\t<div class=\"elementor-widget-container\">\n\t\t\t\t\t\t\t\t\t\t\t\t\t\t\t<img fetchpriority=\"high\" decoding=\"async\" width=\"600\" height=\"300\" src=\"https:\/\/ecochain.com\/wp-content\/uploads\/2024\/12\/ezgif-2-a00fd7d998.png\" class=\"attachment-large size-large wp-image-21067\" alt=\"\" srcset=\"https:\/\/ecochain.com\/wp-content\/uploads\/2024\/12\/ezgif-2-a00fd7d998.png 600w, https:\/\/ecochain.com\/wp-content\/uploads\/2024\/12\/ezgif-2-a00fd7d998-300x150.png 300w\" sizes=\"(max-width: 600px) 100vw, 600px\" \/>\t\t\t\t\t\t\t\t\t\t\t\t\t\t\t<\/div>\n\t\t\t\t<\/div>\n\t\t\t\t<\/div>\n\t\t<div class=\"elementor-element elementor-element-eb07af2 e-con-full e-flex e-con e-child\" data-id=\"eb07af2\" data-element_type=\"container\" data-e-type=\"container\">\n\t\t\t\t<div class=\"elementor-element elementor-element-5560c9c elementor-widget elementor-widget-heading\" data-id=\"5560c9c\" data-element_type=\"widget\" data-e-type=\"widget\" data-widget_type=\"heading.default\">\n\t\t\t\t<div class=\"elementor-widget-container\">\n\t\t\t\t\t<h2 class=\"elementor-heading-title elementor-size-default\">ISO-Zertifizierung<\/h2>\t\t\t\t<\/div>\n\t\t\t\t<\/div>\n\t\t\t\t<div class=\"elementor-element elementor-element-a9c6f82 elementor-widget elementor-widget-text-editor\" data-id=\"a9c6f82\" data-element_type=\"widget\" data-e-type=\"widget\" data-widget_type=\"text-editor.default\">\n\t\t\t\t<div class=\"elementor-widget-container\">\n\t\t\t\t\t\t\t\t\t<p>Ecochain ist ISO-zertifiziert f\u00fcr ISO 27001:2017 (Informationssicherheitsmanagementsysteme) und ISO 9001:2015 (Qualit\u00e4tsmanagement).<\/p><p>Das bedeutet, dass wir \u00fcber eine ganze Reihe von Prozessen und Systemen verf\u00fcgen, die den h\u00f6chsten Standards f\u00fcr Informationssicherheit und Qualit\u00e4tsmanagement entsprechen. Unsere Arbeitsweise wird j\u00e4hrlich von einer akkreditierten Zertifizierungsstelle gepr\u00fcft, und wir erf\u00fcllen stets die Anforderungen unserer Kunden und der zust\u00e4ndigen Beh\u00f6rden. <\/p><p><strong>Informationssicherheitsbeauftragter<\/strong><br>Wir nehmen Informationssicherheit und Qualit\u00e4t sehr ernst. Bitte lassen Sie uns wissen, wenn Sie Fragen zur Sicherheit oder Qualit\u00e4t rund um Ecochain haben: <a href=\"mailto:security@ecochain.com\">security@ecochain.com.<\/a> <\/p>\t\t\t\t\t\t\t\t<\/div>\n\t\t\t\t<\/div>\n\t\t\t\t<\/div>\n\t\t\t\t<\/div>\n\t\t\t\t\t<\/div>\n\t\t\t\t<\/div>\n\t\t<div class=\"elementor-element elementor-element-a5ca4b3 e-flex e-con-boxed e-con e-parent\" data-id=\"a5ca4b3\" data-element_type=\"container\" data-e-type=\"container\">\n\t\t\t\t\t<div class=\"e-con-inner\">\n\t\t<div class=\"elementor-element elementor-element-0e30483 e-flex e-con-boxed e-con e-child\" data-id=\"0e30483\" data-element_type=\"container\" data-e-type=\"container\" data-settings=\"{&quot;background_background&quot;:&quot;classic&quot;}\">\n\t\t\t\t\t<div class=\"e-con-inner\">\n\t\t\t\t<div class=\"elementor-element elementor-element-bf2b982 elementor-widget elementor-widget-heading\" data-id=\"bf2b982\" data-element_type=\"widget\" data-e-type=\"widget\" data-widget_type=\"heading.default\">\n\t\t\t\t<div class=\"elementor-widget-container\">\n\t\t\t\t\t<h2 class=\"elementor-heading-title elementor-size-default\">Beschwerden<\/h2>\t\t\t\t<\/div>\n\t\t\t\t<\/div>\n\t\t\t\t<div class=\"elementor-element elementor-element-67b1f3a elementor-widget elementor-widget-text-editor\" data-id=\"67b1f3a\" data-element_type=\"widget\" data-e-type=\"widget\" data-widget_type=\"text-editor.default\">\n\t\t\t\t<div class=\"elementor-widget-container\">\n\t\t\t\t\t\t\t\t\t<p>Wir hoffen, Ihnen stets einen erstklassigen Service bieten zu k\u00f6nnen.<\/p><p>Sollten Sie eine Beschwerde haben, teilen Sie uns diese gerne mit.<\/p>\t\t\t\t\t\t\t\t<\/div>\n\t\t\t\t<\/div>\n\t\t<div class=\"elementor-element elementor-element-ed83786 e-con-full e-flex e-con e-child\" data-id=\"ed83786\" data-element_type=\"container\" data-e-type=\"container\">\n\t\t\t\t<div class=\"elementor-element elementor-element-80d41c1 clicktoshow elementor-widget elementor-widget-button\" data-id=\"80d41c1\" data-element_type=\"widget\" data-e-type=\"widget\" data-widget_type=\"button.default\">\n\t\t\t\t<div class=\"elementor-widget-container\">\n\t\t\t\t\t\t\t\t\t<div class=\"elementor-button-wrapper\">\n\t\t\t\t\t<a class=\"elementor-button elementor-size-sm\" role=\"button\">\n\t\t\t\t\t\t<span class=\"elementor-button-content-wrapper\">\n\t\t\t\t\t\t\t\t\t<span class=\"elementor-button-text\">Beschwerden einreichen<\/span>\n\t\t\t\t\t<\/span>\n\t\t\t\t\t<\/a>\n\t\t\t\t<\/div>\n\t\t\t\t\t\t\t\t<\/div>\n\t\t\t\t<\/div>\n\t\t\t\t<div class=\"elementor-element elementor-element-ff1dc12 showclick elementor-widget elementor-widget-html\" data-id=\"ff1dc12\" data-element_type=\"widget\" data-e-type=\"widget\" data-widget_type=\"html.default\">\n\t\t\t\t<div class=\"elementor-widget-container\">\n\t\t\t\t\t<script charset=\"utf-8\" type=\"text\/javascript\" src=\"\/\/js-eu1.hsforms.net\/forms\/embed\/v2.js\"><\/script><script>hbspt.forms.create({\r\n    portalId: \"5018574\",\r\n    formId: \"a91d2494-24d0-4649-b2cd-c066ce956ebf\"\r\n  });\r\n<\/script>\t\t\t\t<\/div>\n\t\t\t\t<\/div>\n\t\t\t\t<\/div>\n\t\t\t\t\t<\/div>\n\t\t\t\t<\/div>\n\t\t\t\t<div class=\"elementor-element elementor-element-c54a217 elementor-widget elementor-widget-html\" data-id=\"c54a217\" data-element_type=\"widget\" data-e-type=\"widget\" data-widget_type=\"html.default\">\n\t\t\t\t<div class=\"elementor-widget-container\">\n\t\t\t\t\t<script>document.addEventListener('DOMContentLoaded', function() {\r\njQuery(function($){\r\n$('.clicktoshow').each(function(i){\r\n$(this).click(function(event){ \r\nevent.preventDefault();\r\n$('.showclick').eq(i).show();\r\n$('.clicktoshow').eq(i).hide();\r\n}); });\r\n}); });\r\n<\/script><style>.clicktoshow{\r\ncursor: pointer;\r\n}\r\n.showclick{\r\ndisplay: none;\r\n}\r\n<\/style>\t\t\t\t<\/div>\n\t\t\t\t<\/div>\n\t\t\t\t\t<\/div>\n\t\t\t\t<\/div>\n\t\t\t\t<\/div>\n\t\t","protected":false},"excerpt":{"rendered":"<p>Qualit\u00e4t und Sicherheit bei Ecochain Wir sind bestrebt, unseren Kunden die h\u00f6chste Qualit\u00e4t und Sicherheit zu bieten. Ecochain ist daher vollst\u00e4ndig nach ISO 9001:2015 und ISO 27001:2017 zertifiziert. Hier finden Sie die aktuellsten Informationen \u00fcber unsere Gesch\u00e4ftsprozesse bei Ecochain und wie wir Qualit\u00e4t und Sicherheit gew\u00e4hrleisten. ISO-Zertifizierung Ecochain ist ISO-zertifiziert f\u00fcr ISO 27001:2017 (Informationssicherheitsmanagementsysteme) und [&hellip;]<\/p>\n","protected":false},"author":2,"featured_media":0,"parent":0,"menu_order":0,"comment_status":"closed","ping_status":"closed","template":"","meta":{"_acf_changed":false,"footnotes":""},"class_list":["post-21062","page","type-page","status-publish","hentry"],"acf":[],"yoast_head":"<!-- This site is optimized with the Yoast SEO Premium plugin v27.3 (Yoast SEO v27.3) - https:\/\/yoast.com\/product\/yoast-seo-premium-wordpress\/ -->\n<title>Qualit\u00e4t und Sicherheit | Ecochain<\/title>\n<meta name=\"description\" content=\"Bei Ecochain nehmen wir Qualit\u00e4t und Sicherheit ernst. Wir sind nach ISO 9001:2015 &amp; ISO 27001:2017 zertifiziert. Erfahren Sie mehr.\" \/>\n<meta name=\"robots\" content=\"index, follow, max-snippet:-1, max-image-preview:large, max-video-preview:-1\" \/>\n<link rel=\"canonical\" href=\"https:\/\/ecochain.com\/de\/qualitaet-und-sicherheit\/\" \/>\n<meta property=\"og:locale\" content=\"de_DE\" \/>\n<meta property=\"og:type\" content=\"article\" \/>\n<meta property=\"og:title\" content=\"Qualit\u00e4t und Sicherheit\" \/>\n<meta property=\"og:description\" content=\"Bei Ecochain nehmen wir Qualit\u00e4t und Sicherheit ernst. Wir sind nach ISO 9001:2015 &amp; ISO 27001:2017 zertifiziert. Erfahren Sie mehr.\" \/>\n<meta property=\"og:url\" content=\"https:\/\/ecochain.com\/de\/qualitaet-und-sicherheit\/\" \/>\n<meta property=\"og:site_name\" content=\"Ecochain\" \/>\n<meta property=\"article:modified_time\" content=\"2026-04-30T05:36:48+00:00\" \/>\n<meta property=\"og:image\" content=\"https:\/\/ecochain.com\/wp-content\/uploads\/2024\/12\/ezgif-2-a00fd7d998.png\" \/>\n<meta name=\"twitter:card\" content=\"summary_large_image\" \/>\n<meta name=\"twitter:label1\" content=\"Gesch\u00e4tzte Lesezeit\" \/>\n\t<meta name=\"twitter:data1\" content=\"1\u00a0Minute\" \/>\n<script type=\"application\/ld+json\" class=\"yoast-schema-graph\">{\"@context\":\"https:\\\/\\\/schema.org\",\"@graph\":[{\"@type\":\"WebPage\",\"@id\":\"https:\\\/\\\/ecochain.com\\\/de\\\/qualitaet-und-sicherheit\\\/\",\"url\":\"https:\\\/\\\/ecochain.com\\\/de\\\/qualitaet-und-sicherheit\\\/\",\"name\":\"Qualit\u00e4t und Sicherheit | Ecochain\",\"isPartOf\":{\"@id\":\"https:\\\/\\\/ecochain.com\\\/de\\\/#website\"},\"primaryImageOfPage\":{\"@id\":\"https:\\\/\\\/ecochain.com\\\/de\\\/qualitaet-und-sicherheit\\\/#primaryimage\"},\"image\":{\"@id\":\"https:\\\/\\\/ecochain.com\\\/de\\\/qualitaet-und-sicherheit\\\/#primaryimage\"},\"thumbnailUrl\":\"https:\\\/\\\/ecochain.com\\\/wp-content\\\/uploads\\\/2024\\\/12\\\/ezgif-2-a00fd7d998.png\",\"datePublished\":\"2024-12-27T10:24:11+00:00\",\"dateModified\":\"2026-04-30T05:36:48+00:00\",\"description\":\"Bei Ecochain nehmen wir Qualit\u00e4t und Sicherheit ernst. Wir sind nach ISO 9001:2015 & ISO 27001:2017 zertifiziert. Erfahren Sie mehr.\",\"breadcrumb\":{\"@id\":\"https:\\\/\\\/ecochain.com\\\/de\\\/qualitaet-und-sicherheit\\\/#breadcrumb\"},\"inLanguage\":\"de\",\"potentialAction\":[{\"@type\":\"ReadAction\",\"target\":[\"https:\\\/\\\/ecochain.com\\\/de\\\/qualitaet-und-sicherheit\\\/\"]}]},{\"@type\":\"ImageObject\",\"inLanguage\":\"de\",\"@id\":\"https:\\\/\\\/ecochain.com\\\/de\\\/qualitaet-und-sicherheit\\\/#primaryimage\",\"url\":\"https:\\\/\\\/ecochain.com\\\/wp-content\\\/uploads\\\/2024\\\/12\\\/ezgif-2-a00fd7d998.png\",\"contentUrl\":\"https:\\\/\\\/ecochain.com\\\/wp-content\\\/uploads\\\/2024\\\/12\\\/ezgif-2-a00fd7d998.png\"},{\"@type\":\"BreadcrumbList\",\"@id\":\"https:\\\/\\\/ecochain.com\\\/de\\\/qualitaet-und-sicherheit\\\/#breadcrumb\",\"itemListElement\":[{\"@type\":\"ListItem\",\"position\":1,\"name\":\"Home\",\"item\":\"https:\\\/\\\/ecochain.com\\\/de\\\/homepage\\\/\"},{\"@type\":\"ListItem\",\"position\":2,\"name\":\"Qualit\u00e4t und Sicherheit\"}]},{\"@type\":\"WebSite\",\"@id\":\"https:\\\/\\\/ecochain.com\\\/de\\\/#website\",\"url\":\"https:\\\/\\\/ecochain.com\\\/de\\\/\",\"name\":\"Ecochain\",\"description\":\"\",\"publisher\":{\"@id\":\"https:\\\/\\\/ecochain.com\\\/de\\\/#organization\"},\"potentialAction\":[{\"@type\":\"SearchAction\",\"target\":{\"@type\":\"EntryPoint\",\"urlTemplate\":\"https:\\\/\\\/ecochain.com\\\/de\\\/?s={search_term_string}\"},\"query-input\":{\"@type\":\"PropertyValueSpecification\",\"valueRequired\":true,\"valueName\":\"search_term_string\"}}],\"inLanguage\":\"de\"},{\"@type\":\"Organization\",\"@id\":\"https:\\\/\\\/ecochain.com\\\/de\\\/#organization\",\"name\":\"Ecochain\",\"url\":\"https:\\\/\\\/ecochain.com\\\/de\\\/\",\"logo\":{\"@type\":\"ImageObject\",\"inLanguage\":\"de\",\"@id\":\"https:\\\/\\\/ecochain.com\\\/de\\\/#\\\/schema\\\/logo\\\/image\\\/\",\"url\":\"https:\\\/\\\/ecochain.com\\\/wp-content\\\/uploads\\\/2024\\\/12\\\/ecochain-logo.svg\",\"contentUrl\":\"https:\\\/\\\/ecochain.com\\\/wp-content\\\/uploads\\\/2024\\\/12\\\/ecochain-logo.svg\",\"width\":226,\"height\":31,\"caption\":\"Ecochain\"},\"image\":{\"@id\":\"https:\\\/\\\/ecochain.com\\\/de\\\/#\\\/schema\\\/logo\\\/image\\\/\"}}]}<\/script>\n<!-- \/ Yoast SEO Premium plugin. -->","yoast_head_json":{"title":"Qualit\u00e4t und Sicherheit | Ecochain","description":"Bei Ecochain nehmen wir Qualit\u00e4t und Sicherheit ernst. Wir sind nach ISO 9001:2015 & ISO 27001:2017 zertifiziert. Erfahren Sie mehr.","robots":{"index":"index","follow":"follow","max-snippet":"max-snippet:-1","max-image-preview":"max-image-preview:large","max-video-preview":"max-video-preview:-1"},"canonical":"https:\/\/ecochain.com\/de\/qualitaet-und-sicherheit\/","og_locale":"de_DE","og_type":"article","og_title":"Qualit\u00e4t und Sicherheit","og_description":"Bei Ecochain nehmen wir Qualit\u00e4t und Sicherheit ernst. Wir sind nach ISO 9001:2015 & ISO 27001:2017 zertifiziert. Erfahren Sie mehr.","og_url":"https:\/\/ecochain.com\/de\/qualitaet-und-sicherheit\/","og_site_name":"Ecochain","article_modified_time":"2026-04-30T05:36:48+00:00","og_image":[{"url":"https:\/\/ecochain.com\/wp-content\/uploads\/2024\/12\/ezgif-2-a00fd7d998.png","type":"","width":"","height":""}],"twitter_card":"summary_large_image","twitter_misc":{"Gesch\u00e4tzte Lesezeit":"1\u00a0Minute"},"schema":{"@context":"https:\/\/schema.org","@graph":[{"@type":"WebPage","@id":"https:\/\/ecochain.com\/de\/qualitaet-und-sicherheit\/","url":"https:\/\/ecochain.com\/de\/qualitaet-und-sicherheit\/","name":"Qualit\u00e4t und Sicherheit | Ecochain","isPartOf":{"@id":"https:\/\/ecochain.com\/de\/#website"},"primaryImageOfPage":{"@id":"https:\/\/ecochain.com\/de\/qualitaet-und-sicherheit\/#primaryimage"},"image":{"@id":"https:\/\/ecochain.com\/de\/qualitaet-und-sicherheit\/#primaryimage"},"thumbnailUrl":"https:\/\/ecochain.com\/wp-content\/uploads\/2024\/12\/ezgif-2-a00fd7d998.png","datePublished":"2024-12-27T10:24:11+00:00","dateModified":"2026-04-30T05:36:48+00:00","description":"Bei Ecochain nehmen wir Qualit\u00e4t und Sicherheit ernst. Wir sind nach ISO 9001:2015 & ISO 27001:2017 zertifiziert. Erfahren Sie mehr.","breadcrumb":{"@id":"https:\/\/ecochain.com\/de\/qualitaet-und-sicherheit\/#breadcrumb"},"inLanguage":"de","potentialAction":[{"@type":"ReadAction","target":["https:\/\/ecochain.com\/de\/qualitaet-und-sicherheit\/"]}]},{"@type":"ImageObject","inLanguage":"de","@id":"https:\/\/ecochain.com\/de\/qualitaet-und-sicherheit\/#primaryimage","url":"https:\/\/ecochain.com\/wp-content\/uploads\/2024\/12\/ezgif-2-a00fd7d998.png","contentUrl":"https:\/\/ecochain.com\/wp-content\/uploads\/2024\/12\/ezgif-2-a00fd7d998.png"},{"@type":"BreadcrumbList","@id":"https:\/\/ecochain.com\/de\/qualitaet-und-sicherheit\/#breadcrumb","itemListElement":[{"@type":"ListItem","position":1,"name":"Home","item":"https:\/\/ecochain.com\/de\/homepage\/"},{"@type":"ListItem","position":2,"name":"Qualit\u00e4t und Sicherheit"}]},{"@type":"WebSite","@id":"https:\/\/ecochain.com\/de\/#website","url":"https:\/\/ecochain.com\/de\/","name":"Ecochain","description":"","publisher":{"@id":"https:\/\/ecochain.com\/de\/#organization"},"potentialAction":[{"@type":"SearchAction","target":{"@type":"EntryPoint","urlTemplate":"https:\/\/ecochain.com\/de\/?s={search_term_string}"},"query-input":{"@type":"PropertyValueSpecification","valueRequired":true,"valueName":"search_term_string"}}],"inLanguage":"de"},{"@type":"Organization","@id":"https:\/\/ecochain.com\/de\/#organization","name":"Ecochain","url":"https:\/\/ecochain.com\/de\/","logo":{"@type":"ImageObject","inLanguage":"de","@id":"https:\/\/ecochain.com\/de\/#\/schema\/logo\/image\/","url":"https:\/\/ecochain.com\/wp-content\/uploads\/2024\/12\/ecochain-logo.svg","contentUrl":"https:\/\/ecochain.com\/wp-content\/uploads\/2024\/12\/ecochain-logo.svg","width":226,"height":31,"caption":"Ecochain"},"image":{"@id":"https:\/\/ecochain.com\/de\/#\/schema\/logo\/image\/"}}]}},"_links":{"self":[{"href":"https:\/\/ecochain.com\/de\/wp-json\/wp\/v2\/pages\/21062","targetHints":{"allow":["GET"]}}],"collection":[{"href":"https:\/\/ecochain.com\/de\/wp-json\/wp\/v2\/pages"}],"about":[{"href":"https:\/\/ecochain.com\/de\/wp-json\/wp\/v2\/types\/page"}],"author":[{"embeddable":true,"href":"https:\/\/ecochain.com\/de\/wp-json\/wp\/v2\/users\/2"}],"replies":[{"embeddable":true,"href":"https:\/\/ecochain.com\/de\/wp-json\/wp\/v2\/comments?post=21062"}],"version-history":[{"count":6,"href":"https:\/\/ecochain.com\/de\/wp-json\/wp\/v2\/pages\/21062\/revisions"}],"predecessor-version":[{"id":21574,"href":"https:\/\/ecochain.com\/de\/wp-json\/wp\/v2\/pages\/21062\/revisions\/21574"}],"wp:attachment":[{"href":"https:\/\/ecochain.com\/de\/wp-json\/wp\/v2\/media?parent=21062"}],"curies":[{"name":"wp","href":"https:\/\/api.w.org\/{rel}","templated":true}]}}